{"id":20,"date":"2018-07-17T12:50:29","date_gmt":"2018-07-17T10:50:29","guid":{"rendered":"https:\/\/francoisbelliot.fr\/?page_id=20"},"modified":"2024-06-18T11:19:32","modified_gmt":"2024-06-18T09:19:32","slug":"a-propos-de","status":"publish","type":"page","link":"https:\/\/francoisbelliot.fr\/index.php\/a-propos-de\/","title":{"rendered":"\u00c0 propos de"},"content":{"rendered":"<p>Ce site regroupe l\u2019ensemble de ma production \u00e9crite depuis le 4 septembre 2010, date de la publication sur la toile de ma premi\u00e8re \u00e9tude. Originellement f\u00e9ru de litt\u00e9rature sous toutes ses formes, je me suis depuis sp\u00e9cialis\u00e9 dans les manipulations m\u00e9diatiques, le terrorisme fabriqu\u00e9, et la g\u00e9opolitique. Ce site regroupe \u00e9galement les entretiens vid\u00e9os auxquels j\u2019ai pu participer ainsi que des articles d\u2019auteurs amis avec qui il m\u2019est arriv\u00e9 de collaborer ces derni\u00e8res ann\u00e9es.<\/p>\n","protected":false},"excerpt":{"rendered":"<p>Ce site regroupe l\u2019ensemble de ma production \u00e9crite depuis le 4 septembre 2010, date de la publication sur la toile de ma premi\u00e8re \u00e9tude. Originellement f\u00e9ru de litt\u00e9rature sous toutes ses formes, je me suis depuis sp\u00e9cialis\u00e9 dans les manipulations m\u00e9diatiques, le terrorisme fabriqu\u00e9, et la g\u00e9opolitique. Ce site regroupe \u00e9galement les entretiens vid\u00e9os auxquels &hellip; <\/p>\n<p class=\"link-more\"><a href=\"https:\/\/francoisbelliot.fr\/index.php\/a-propos-de\/\" class=\"more-link\">Continuer la lecture<span class=\"screen-reader-text\"> de &laquo;&nbsp;\u00c0 propos de&nbsp;&raquo;<\/span><\/a><\/p>\n","protected":false},"author":1,"featured_media":0,"parent":0,"menu_order":0,"comment_status":"closed","ping_status":"closed","template":"","meta":{"footnotes":""},"class_list":["post-20","page","type-page","status-publish","hentry"],"yoast_head":"<!-- This site is optimized with the Yoast SEO plugin v24.0 - https:\/\/yoast.com\/wordpress\/plugins\/seo\/ -->\n<title>\u00c0 propos de - Fran\u00e7ois Belliot<\/title>\n<meta name=\"robots\" content=\"index, follow, max-snippet:-1, max-image-preview:large, max-video-preview:-1\" \/>\n<link rel=\"canonical\" href=\"https:\/\/francoisbelliot.fr\/index.php\/a-propos-de\/\" \/>\n<meta property=\"og:locale\" content=\"fr_FR\" \/>\n<meta property=\"og:type\" content=\"article\" \/>\n<meta property=\"og:title\" content=\"\u00c0 propos de - Fran\u00e7ois Belliot\" \/>\n<meta property=\"og:description\" content=\"Ce site regroupe l\u2019ensemble de ma production \u00e9crite depuis le 4 septembre 2010, date de la publication sur la toile de ma premi\u00e8re \u00e9tude. Originellement f\u00e9ru de litt\u00e9rature sous toutes ses formes, je me suis depuis sp\u00e9cialis\u00e9 dans les manipulations m\u00e9diatiques, le terrorisme fabriqu\u00e9, et la g\u00e9opolitique. Ce site regroupe \u00e9galement les entretiens vid\u00e9os auxquels &hellip; Continuer la lecture de &laquo;&nbsp;\u00c0 propos de&nbsp;&raquo;\" \/>\n<meta property=\"og:url\" content=\"https:\/\/francoisbelliot.fr\/index.php\/a-propos-de\/\" \/>\n<meta property=\"og:site_name\" content=\"Fran\u00e7ois Belliot\" \/>\n<meta property=\"article:modified_time\" content=\"2024-06-18T09:19:32+00:00\" \/>\n<meta name=\"twitter:card\" content=\"summary_large_image\" \/>\n<meta name=\"twitter:label1\" content=\"Dur\u00e9e de lecture estim\u00e9e\" \/>\n\t<meta name=\"twitter:data1\" content=\"1 minute\" \/>\n<script type=\"application\/ld+json\" class=\"yoast-schema-graph\">{\"@context\":\"https:\/\/schema.org\",\"@graph\":[{\"@type\":\"WebPage\",\"@id\":\"https:\/\/francoisbelliot.fr\/index.php\/a-propos-de\/\",\"url\":\"https:\/\/francoisbelliot.fr\/index.php\/a-propos-de\/\",\"name\":\"\u00c0 propos de - Fran\u00e7ois Belliot\",\"isPartOf\":{\"@id\":\"https:\/\/francoisbelliot.fr\/#website\"},\"datePublished\":\"2018-07-17T10:50:29+00:00\",\"dateModified\":\"2024-06-18T09:19:32+00:00\",\"breadcrumb\":{\"@id\":\"https:\/\/francoisbelliot.fr\/index.php\/a-propos-de\/#breadcrumb\"},\"inLanguage\":\"fr-FR\",\"potentialAction\":[{\"@type\":\"ReadAction\",\"target\":[\"https:\/\/francoisbelliot.fr\/index.php\/a-propos-de\/\"]}]},{\"@type\":\"BreadcrumbList\",\"@id\":\"https:\/\/francoisbelliot.fr\/index.php\/a-propos-de\/#breadcrumb\",\"itemListElement\":[{\"@type\":\"ListItem\",\"position\":1,\"name\":\"Accueil\",\"item\":\"https:\/\/francoisbelliot.fr\/\"},{\"@type\":\"ListItem\",\"position\":2,\"name\":\"\u00c0 propos de\"}]},{\"@type\":\"WebSite\",\"@id\":\"https:\/\/francoisbelliot.fr\/#website\",\"url\":\"https:\/\/francoisbelliot.fr\/\",\"name\":\"Fran\u00e7ois Belliot\",\"description\":\"litt\u00e9rature, g\u00e9opolitique, m\u00e9dias\",\"potentialAction\":[{\"@type\":\"SearchAction\",\"target\":{\"@type\":\"EntryPoint\",\"urlTemplate\":\"https:\/\/francoisbelliot.fr\/?s={search_term_string}\"},\"query-input\":{\"@type\":\"PropertyValueSpecification\",\"valueRequired\":true,\"valueName\":\"search_term_string\"}}],\"inLanguage\":\"fr-FR\"}]}<\/script>\n<!-- \/ Yoast SEO plugin. -->","yoast_head_json":{"title":"\u00c0 propos de - Fran\u00e7ois Belliot","robots":{"index":"index","follow":"follow","max-snippet":"max-snippet:-1","max-image-preview":"max-image-preview:large","max-video-preview":"max-video-preview:-1"},"canonical":"https:\/\/francoisbelliot.fr\/index.php\/a-propos-de\/","og_locale":"fr_FR","og_type":"article","og_title":"\u00c0 propos de - Fran\u00e7ois Belliot","og_description":"Ce site regroupe l\u2019ensemble de ma production \u00e9crite depuis le 4 septembre 2010, date de la publication sur la toile de ma premi\u00e8re \u00e9tude. Originellement f\u00e9ru de litt\u00e9rature sous toutes ses formes, je me suis depuis sp\u00e9cialis\u00e9 dans les manipulations m\u00e9diatiques, le terrorisme fabriqu\u00e9, et la g\u00e9opolitique. Ce site regroupe \u00e9galement les entretiens vid\u00e9os auxquels &hellip; Continuer la lecture de &laquo;&nbsp;\u00c0 propos de&nbsp;&raquo;","og_url":"https:\/\/francoisbelliot.fr\/index.php\/a-propos-de\/","og_site_name":"Fran\u00e7ois Belliot","article_modified_time":"2024-06-18T09:19:32+00:00","twitter_card":"summary_large_image","twitter_misc":{"Dur\u00e9e de lecture estim\u00e9e":"1 minute"},"schema":{"@context":"https:\/\/schema.org","@graph":[{"@type":"WebPage","@id":"https:\/\/francoisbelliot.fr\/index.php\/a-propos-de\/","url":"https:\/\/francoisbelliot.fr\/index.php\/a-propos-de\/","name":"\u00c0 propos de - Fran\u00e7ois Belliot","isPartOf":{"@id":"https:\/\/francoisbelliot.fr\/#website"},"datePublished":"2018-07-17T10:50:29+00:00","dateModified":"2024-06-18T09:19:32+00:00","breadcrumb":{"@id":"https:\/\/francoisbelliot.fr\/index.php\/a-propos-de\/#breadcrumb"},"inLanguage":"fr-FR","potentialAction":[{"@type":"ReadAction","target":["https:\/\/francoisbelliot.fr\/index.php\/a-propos-de\/"]}]},{"@type":"BreadcrumbList","@id":"https:\/\/francoisbelliot.fr\/index.php\/a-propos-de\/#breadcrumb","itemListElement":[{"@type":"ListItem","position":1,"name":"Accueil","item":"https:\/\/francoisbelliot.fr\/"},{"@type":"ListItem","position":2,"name":"\u00c0 propos de"}]},{"@type":"WebSite","@id":"https:\/\/francoisbelliot.fr\/#website","url":"https:\/\/francoisbelliot.fr\/","name":"Fran\u00e7ois Belliot","description":"litt\u00e9rature, g\u00e9opolitique, m\u00e9dias","potentialAction":[{"@type":"SearchAction","target":{"@type":"EntryPoint","urlTemplate":"https:\/\/francoisbelliot.fr\/?s={search_term_string}"},"query-input":{"@type":"PropertyValueSpecification","valueRequired":true,"valueName":"search_term_string"}}],"inLanguage":"fr-FR"}]}},"_links":{"self":[{"href":"https:\/\/francoisbelliot.fr\/index.php\/wp-json\/wp\/v2\/pages\/20","targetHints":{"allow":["GET"]}}],"collection":[{"href":"https:\/\/francoisbelliot.fr\/index.php\/wp-json\/wp\/v2\/pages"}],"about":[{"href":"https:\/\/francoisbelliot.fr\/index.php\/wp-json\/wp\/v2\/types\/page"}],"author":[{"embeddable":true,"href":"https:\/\/francoisbelliot.fr\/index.php\/wp-json\/wp\/v2\/users\/1"}],"replies":[{"embeddable":true,"href":"https:\/\/francoisbelliot.fr\/index.php\/wp-json\/wp\/v2\/comments?post=20"}],"version-history":[{"count":1,"href":"https:\/\/francoisbelliot.fr\/index.php\/wp-json\/wp\/v2\/pages\/20\/revisions"}],"predecessor-version":[{"id":2145,"href":"https:\/\/francoisbelliot.fr\/index.php\/wp-json\/wp\/v2\/pages\/20\/revisions\/2145"}],"wp:attachment":[{"href":"https:\/\/francoisbelliot.fr\/index.php\/wp-json\/wp\/v2\/media?parent=20"}],"curies":[{"name":"wp","href":"https:\/\/api.w.org\/{rel}","templated":true}]}}